{"id":7,"date":"2023-03-17T17:51:26","date_gmt":"2023-03-17T17:51:26","guid":{"rendered":"http:\/\/squadprevention.com\/?page_id=7"},"modified":"2024-04-02T15:32:44","modified_gmt":"2024-04-02T19:32:44","slug":"inicio","status":"publish","type":"page","link":"https:\/\/squadprevention.com\/en\/","title":{"rendered":"Home"},"content":{"rendered":"\n\n\t\n\t\t\t<!-- START Slider 1 REVOLUTION SLIDER 6.7.38 --><p class=\"rs-p-wp-fix\"><\/p>\n\t\t\t<rs-module-wrap id=\"rev_slider_1_1_wrapper\" data-source=\"gallery\" style=\"visibility:hidden;background:transparent;padding:0;margin:0px auto;margin-top:0;margin-bottom:0;\">\n\t\t\t\t<rs-module id=\"rev_slider_1_1\" style=\"\" data-version=\"6.7.38\">\n\t\t\t\t\t<rs-slides style=\"overflow: hidden; position: absolute;\">\n\t\t\t\t\t\t<rs-slide style=\"position: absolute;\" data-key=\"rs-4\" data-title=\"Slide\" data-thumb=\"\/\/squadprevention.com\/wp-content\/uploads\/2023\/06\/imgpsh_fullsize_anim-1-50x100.jpg\" data-anim=\"adpr:false;\" data-in=\"o:0;\" data-out=\"a:false;\">\n\t\t\t\t\t\t\t<img decoding=\"async\" src=\"\/\/squadprevention.com\/wp-content\/plugins\/revslider\/sr6\/assets\/assets\/dummy.png\" alt=\"\" title=\"imgpsh_fullsize_anim-1\" width=\"1920\" height=\"800\" class=\"rev-slidebg tp-rs-img rs-lazyload\" data-lazyload=\"\/\/squadprevention.com\/wp-content\/uploads\/2023\/06\/imgpsh_fullsize_anim-1.jpg\" data-no-retina>\n<!--\n\t\t\t\t\t\t\t--><rs-layer\n\t\t\t\t\t\t\t\tid=\"slider-1-slide-4-layer-0\" \n\t\t\t\t\t\t\t\tdata-type=\"text\"\n\t\t\t\t\t\t\t\tdata-rsp_ch=\"on\"\n\t\t\t\t\t\t\t\tdata-xy=\"xo:77px,64px,48px,54px;yo:147px,179px,149px,187px;\"\n\t\t\t\t\t\t\t\tdata-text=\"w:normal;s:55,45,34,25;l:65,53,40,30;fw:800;\"\n\t\t\t\t\t\t\t\tdata-dim=\"w:1068px,881px,669px,388px;\"\n\t\t\t\t\t\t\t\tdata-frame_0=\"x:0,0,0,0px;y:0,0,0,0px;\"\n\t\t\t\t\t\t\t\tdata-frame_1=\"x:0,0,0,0px;y:0,0,0,0px;\"\n\t\t\t\t\t\t\t\tdata-frame_999=\"o:0;st:w;\"\n\t\t\t\t\t\t\t\tstyle=\"z-index:5;font-family:'Montserrat';\"\n\t\t\t\t\t\t\t>\u00a1Sistemas de seguridad inteligentes para el mundo moderno! \n\t\t\t\t\t\t\t<\/rs-layer><!--\n\n\t\t\t\t\t\t\t--><rs-layer\n\t\t\t\t\t\t\t\tid=\"slider-1-slide-4-layer-1\" \n\t\t\t\t\t\t\t\tdata-type=\"text\"\n\t\t\t\t\t\t\t\tdata-rsp_ch=\"on\"\n\t\t\t\t\t\t\t\tdata-xy=\"xo:80px,66px,51px,56px;yo:306px,324px,249px,300px;\"\n\t\t\t\t\t\t\t\tdata-text=\"w:normal;s:20,18,18,17;l:25,22,22,21;\"\n\t\t\t\t\t\t\t\tdata-dim=\"w:721px,655px,617px,383px;\"\n\t\t\t\t\t\t\t\tdata-frame_0=\"x:0,0px,0px,0px;y:0,0px,0px,0px;\"\n\t\t\t\t\t\t\t\tdata-frame_1=\"x:0,0px,0px,0px;y:0,0px,0px,0px;\"\n\t\t\t\t\t\t\t\tdata-frame_999=\"o:0;st:w;\"\n\t\t\t\t\t\t\t\tstyle=\"z-index:7;font-family:'Roboto';\"\n\t\t\t\t\t\t\t>Proveemos requerimientos de seguridad de clientes residenciales, comerciales y otros, con la mayor variedad en instalaci\u00f3n de c\u00e1maras de seguridad y sistemas de alarma. \n\t\t\t\t\t\t\t<\/rs-layer><!--\n\n\t\t\t\t\t\t\t--><a\n\t\t\t\t\t\t\t\tid=\"slider-1-slide-4-layer-2\" \n\t\t\t\t\t\t\t\tclass=\"rs-layer rev-btn\"\n\t\t\t\t\t\t\t\thref=\"http:\/\/squadprevention.com\/contacto\/\" target=\"_self\"\n\t\t\t\t\t\t\t\tdata-type=\"button\"\n\t\t\t\t\t\t\t\tdata-rsp_ch=\"on\"\n\t\t\t\t\t\t\t\tdata-xy=\"xo:84px,70px,53px,58px;yo:420px,431px,342px,413px;\"\n\t\t\t\t\t\t\t\tdata-text=\"w:normal;s:18,14,12,12;l:50,41,38,38;fw:500;\"\n\t\t\t\t\t\t\t\tdata-dim=\"minh:0px,none,none,none;\"\n\t\t\t\t\t\t\t\tdata-padding=\"r:40,33,31,30;l:40,33,31,30;\"\n\t\t\t\t\t\t\t\tdata-frame_0=\"x:0,0,0px,0px;y:0,0,0px,0px;\"\n\t\t\t\t\t\t\t\tdata-frame_1=\"x:0,0,0px,0px;y:0,0,0px,0px;\"\n\t\t\t\t\t\t\t\tdata-frame_999=\"o:0;st:w;\"\n\t\t\t\t\t\t\t\tdata-frame_hover=\"bgc:#007aff;bor:3px,3px,3px,3px;sp:100;e:power1.inOut;bri:120%;\"\n\t\t\t\t\t\t\t\tstyle=\"z-index:6;background-color:#152b5d;font-family:'Roboto';\"\n\t\t\t\t\t\t\t>M\u00e1s Informaci\u00f3n \n\t\t\t\t\t\t\t<\/a><!--\n-->\t\t\t\t\t<\/rs-slide>\n\t\t\t\t\t\t<rs-slide style=\"position: absolute;\" data-key=\"rs-9\" data-title=\"Slide\" data-thumb=\"\/\/squadprevention.com\/wp-content\/uploads\/2023\/06\/slide1-h1-50x100.jpg\" data-anim=\"adpr:false;\" data-in=\"o:0;\" data-out=\"a:false;\">\n\t\t\t\t\t\t\t<img decoding=\"async\" src=\"\/\/squadprevention.com\/wp-content\/plugins\/revslider\/sr6\/assets\/assets\/dummy.png\" alt=\"\" title=\"slide1-h1\" width=\"1600\" height=\"900\" class=\"rev-slidebg tp-rs-img rs-lazyload\" data-lazyload=\"\/\/squadprevention.com\/wp-content\/uploads\/2023\/06\/slide1-h1.jpg\" data-no-retina>\n<!--\n\t\t\t\t\t\t\t--><rs-layer\n\t\t\t\t\t\t\t\tid=\"slider-1-slide-9-layer-0\" \n\t\t\t\t\t\t\t\tdata-type=\"text\"\n\t\t\t\t\t\t\t\tdata-rsp_ch=\"on\"\n\t\t\t\t\t\t\t\tdata-xy=\"xo:77px,64px,48px,54px;yo:147px,179px,149px,205px;\"\n\t\t\t\t\t\t\t\tdata-text=\"w:normal;s:55,45,34,25;l:65,53,40,30;fw:800;\"\n\t\t\t\t\t\t\t\tdata-dim=\"w:1068px,881px,669px,388px;\"\n\t\t\t\t\t\t\t\tdata-frame_0=\"x:0,0,0,0px;y:0,0,0,0px;\"\n\t\t\t\t\t\t\t\tdata-frame_1=\"x:0,0,0,0px;y:0,0,0,0px;\"\n\t\t\t\t\t\t\t\tdata-frame_999=\"o:0;st:w;\"\n\t\t\t\t\t\t\t\tstyle=\"z-index:5;font-family:'Montserrat';\"\n\t\t\t\t\t\t\t>Seguridad y Protecci\u00f3n <br \/>\na tu alcance \n\t\t\t\t\t\t\t<\/rs-layer><!--\n\n\t\t\t\t\t\t\t--><rs-layer\n\t\t\t\t\t\t\t\tid=\"slider-1-slide-9-layer-1\" \n\t\t\t\t\t\t\t\tdata-type=\"text\"\n\t\t\t\t\t\t\t\tdata-rsp_ch=\"on\"\n\t\t\t\t\t\t\t\tdata-xy=\"xo:80px,66px,51px,56px;yo:306px,324px,249px,307px;\"\n\t\t\t\t\t\t\t\tdata-text=\"w:normal;s:20,18,18,17;l:25,22,22,21;\"\n\t\t\t\t\t\t\t\tdata-dim=\"w:721px,655px,617px,383px;\"\n\t\t\t\t\t\t\t\tdata-frame_0=\"x:0,0px,0px,0px;y:0,0px,0px,0px;\"\n\t\t\t\t\t\t\t\tdata-frame_1=\"x:0,0px,0px,0px;y:0,0px,0px,0px;\"\n\t\t\t\t\t\t\t\tdata-frame_999=\"o:0;st:w;\"\n\t\t\t\t\t\t\t\tstyle=\"z-index:7;font-family:'Roboto';\"\n\t\t\t\t\t\t\t>M\u00e1s de 2000 personas <br \/>\nhan confiado en CCTV, <br \/>\n\u00bfy usted? \n\t\t\t\t\t\t\t<\/rs-layer><!--\n\n\t\t\t\t\t\t\t--><a\n\t\t\t\t\t\t\t\tid=\"slider-1-slide-9-layer-2\" \n\t\t\t\t\t\t\t\tclass=\"rs-layer rev-btn\"\n\t\t\t\t\t\t\t\thref=\"http:\/\/squadprevention.com\/contacto\/\" target=\"_self\"\n\t\t\t\t\t\t\t\tdata-type=\"button\"\n\t\t\t\t\t\t\t\tdata-rsp_ch=\"on\"\n\t\t\t\t\t\t\t\tdata-xy=\"xo:84px,70px,53px,57px;yo:420px,431px,342px,413px;\"\n\t\t\t\t\t\t\t\tdata-text=\"w:normal;s:18,14,12,12;l:50,41,38,38;fw:500;\"\n\t\t\t\t\t\t\t\tdata-dim=\"minh:0px,none,none,none;\"\n\t\t\t\t\t\t\t\tdata-padding=\"r:40,33,31,30;l:40,33,31,30;\"\n\t\t\t\t\t\t\t\tdata-frame_0=\"x:0,0,0px,0px;y:0,0,0px,0px;\"\n\t\t\t\t\t\t\t\tdata-frame_1=\"x:0,0,0px,0px;y:0,0,0px,0px;\"\n\t\t\t\t\t\t\t\tdata-frame_999=\"o:0;st:w;\"\n\t\t\t\t\t\t\t\tdata-frame_hover=\"bgc:#007aff;bor:3px,3px,3px,3px;sp:100;e:power1.inOut;bri:120%;\"\n\t\t\t\t\t\t\t\tstyle=\"z-index:6;background-color:#152b5d;font-family:'Roboto';\"\n\t\t\t\t\t\t\t>M\u00e1s Informaci\u00f3n \n\t\t\t\t\t\t\t<\/a><!--\n-->\t\t\t\t\t<\/rs-slide>\n\t\t\t\t\t\t<rs-slide style=\"position: absolute;\" data-key=\"rs-10\" data-title=\"Slide\" data-thumb=\"\/\/squadprevention.com\/wp-content\/uploads\/2023\/06\/imgpsh_fullsize_anim-50x100.jpg\" data-anim=\"adpr:false;\" data-in=\"o:0;\" data-out=\"a:false;\">\n\t\t\t\t\t\t\t<img decoding=\"async\" src=\"\/\/squadprevention.com\/wp-content\/plugins\/revslider\/sr6\/assets\/assets\/dummy.png\" alt=\"\" title=\"imgpsh_fullsize_anim\" width=\"1920\" height=\"800\" class=\"rev-slidebg tp-rs-img rs-lazyload\" data-lazyload=\"\/\/squadprevention.com\/wp-content\/uploads\/2023\/06\/imgpsh_fullsize_anim.jpg\" data-no-retina>\n<!--\n\t\t\t\t\t\t\t--><rs-layer\n\t\t\t\t\t\t\t\tid=\"slider-1-slide-10-layer-0\" \n\t\t\t\t\t\t\t\tdata-type=\"text\"\n\t\t\t\t\t\t\t\tdata-rsp_ch=\"on\"\n\t\t\t\t\t\t\t\tdata-xy=\"xo:77px,64px,48px,54px;yo:147px,179px,149px,187px;\"\n\t\t\t\t\t\t\t\tdata-text=\"w:normal;s:55,45,34,25;l:65,53,40,30;fw:800;\"\n\t\t\t\t\t\t\t\tdata-dim=\"w:1068px,881px,669px,388px;\"\n\t\t\t\t\t\t\t\tdata-frame_0=\"x:0,0,0,0px;y:0,0,0,0px;\"\n\t\t\t\t\t\t\t\tdata-frame_1=\"x:0,0,0,0px;y:0,0,0,0px;\"\n\t\t\t\t\t\t\t\tdata-frame_999=\"o:0;st:w;\"\n\t\t\t\t\t\t\t\tstyle=\"z-index:5;font-family:'Montserrat';\"\n\t\t\t\t\t\t\t>Servicios de seguridad personal, comercial y residencias  \n\t\t\t\t\t\t\t<\/rs-layer><!--\n\n\t\t\t\t\t\t\t--><rs-layer\n\t\t\t\t\t\t\t\tid=\"slider-1-slide-10-layer-1\" \n\t\t\t\t\t\t\t\tdata-type=\"text\"\n\t\t\t\t\t\t\t\tdata-rsp_ch=\"on\"\n\t\t\t\t\t\t\t\tdata-xy=\"xo:80px,66px,51px,56px;yo:306px,324px,249px,308px;\"\n\t\t\t\t\t\t\t\tdata-text=\"w:normal;s:20,18,18,17;l:25,22,22,21;\"\n\t\t\t\t\t\t\t\tdata-dim=\"w:721px,655px,617px,383px;\"\n\t\t\t\t\t\t\t\tdata-frame_0=\"x:0,0px,0px,0px;y:0,0px,0px,0px;\"\n\t\t\t\t\t\t\t\tdata-frame_1=\"x:0,0px,0px,0px;y:0,0px,0px,0px;\"\n\t\t\t\t\t\t\t\tdata-frame_999=\"o:0;st:w;\"\n\t\t\t\t\t\t\t\tstyle=\"z-index:7;font-family:'Roboto';\"\n\t\t\t\t\t\t\t>Descubre c\u00f3mo podemos ayudarte <br \/>\na proteger tus bienes y <br \/>\ntu familia. \n\t\t\t\t\t\t\t<\/rs-layer><!--\n\n\t\t\t\t\t\t\t--><a\n\t\t\t\t\t\t\t\tid=\"slider-1-slide-10-layer-2\" \n\t\t\t\t\t\t\t\tclass=\"rs-layer rev-btn\"\n\t\t\t\t\t\t\t\thref=\"http:\/\/squadprevention.com\/contacto\/\" target=\"_self\"\n\t\t\t\t\t\t\t\tdata-type=\"button\"\n\t\t\t\t\t\t\t\tdata-rsp_ch=\"on\"\n\t\t\t\t\t\t\t\tdata-xy=\"xo:84px,70px,53px,59px;yo:420px,431px,342px,413px;\"\n\t\t\t\t\t\t\t\tdata-text=\"w:normal;s:18,14,12,12;l:50,41,38,38;fw:500;\"\n\t\t\t\t\t\t\t\tdata-dim=\"minh:0px,none,none,none;\"\n\t\t\t\t\t\t\t\tdata-padding=\"r:40,33,31,30;l:40,33,31,30;\"\n\t\t\t\t\t\t\t\tdata-frame_0=\"x:0,0,0px,0px;y:0,0,0px,0px;\"\n\t\t\t\t\t\t\t\tdata-frame_1=\"x:0,0,0px,0px;y:0,0,0px,0px;\"\n\t\t\t\t\t\t\t\tdata-frame_999=\"o:0;st:w;\"\n\t\t\t\t\t\t\t\tdata-frame_hover=\"bgc:#007aff;bor:3px,3px,3px,3px;sp:100;e:power1.inOut;bri:120%;\"\n\t\t\t\t\t\t\t\tstyle=\"z-index:6;background-color:#152b5d;font-family:'Roboto';\"\n\t\t\t\t\t\t\t>M\u00e1s Informaci\u00f3n \n\t\t\t\t\t\t\t<\/a><!--\n-->\t\t\t\t\t<\/rs-slide>\n\t\t\t\t\t<\/rs-slides>\n\t\t\t\t<\/rs-module>\n\t\t\t\t<script data-jetpack-boost=\"ignore\">\n\t\t\t\t\tsetREVStartSize({c: 'rev_slider_1_1',rl:[1240,1024,778,480],el:[600,600,500,600],gw:[1240,1024,778,480],gh:[600,600,500,600],type:'standard',justify:'',layout:'fullwidth',mh:\"0\"});if (window.RS_MODULES!==undefined && window.RS_MODULES.modules!==undefined && window.RS_MODULES.modules[\"revslider11\"]!==undefined) {window.RS_MODULES.modules[\"revslider11\"].once = false;window.revapi1 = undefined;if (window.RS_MODULES.checkMinimal!==undefined) window.RS_MODULES.checkMinimal()}\n\t\t\t\t<\/script>\n\t\t\t<\/rs-module-wrap>\n\t\t\t<!-- END REVOLUTION SLIDER -->\n\n\t<p>Bienvenidos a nuestra p\u00e1gina web<\/p>\n\t<p>Dedicada a brindar soluciones de seguridad y protecci\u00f3n para su hogar o negocio. Nos especializamos en la instalaci\u00f3n y mantenimiento de sistemas de c\u00e1maras de seguridad, vigilancia y monitoreo, as\u00ed como en otros servicios de seguridad e investigaci\u00f3n interna y externa.<\/p>\n\t<p>Servicios<\/p>\n\t\n<style>\nrs-sbg-px:before {\n    content: '';\n    position: absolute;\n    height: 100%;\n    width: 100%;\n    background: #000000;\n    z-index: 8;\n    opacity: 0.8;\n}\np.numbers {\n    font-size: 120px;\n    font-weight: 700;\n    color: transparent;\n    -webkit-text-stroke: 1px #dadada;\n    line-height: 1;\n}\n.box_cardshome a {\n    text-decoration: none !important;\n}\n.cols_cardshome {\n    width: 100%;\n    padding: 10px;\n}\n.fila_cardshome {\n    display: flex;\n    flex-wrap: wrap;\n}\n.box_cardshome {\n    padding: 15px;\n    box-shadow: 0px 0px 10px #ddd;\n    position: relative;\n    background: #fff;\n}\n.content_carhome h3 {\n    font-size: 22px;\n    margin-bottom: 0px !important;\n}\n.content_carhome {\n    min-height: 80px;\n}\n.imagehome {\n    min-height: 90px;\n}\n.box_cardshome:hover h3 {\n    color: #fff;\n}\n.box_cardshome:hover {\n    background: #046bd2;\n}\n.box_iconshome i {\n    position: absolute;\n    font-size: 100px;\n    opacity: .3;\n    right: 20px;\n    top: 20px;\n    color: #ddd;\n}\t\n\t\n\t\n@media(min-width: 768px){\n.cols_cardshome {\n    width: 33.33333%;\n    padding: 10px;\n}\n\n}\n<\/style>\n\n<div class=\"fila_cardshome\">\n\t\n<div class=\"cols_cardshome\">\n\t<div class=\"box_cardshome\">\n\t\t<a href=\"https:\/\/squadprevention.com\/en\/servicio\/sistemas-de-camaras-de-seguridad-para-hogares-y-negocios\/\">\n\t\t<div class=\"imagehome\">\n\t\t\t<div class=\"box_iconshome\"><i class=\"fas fa-cctv\"><\/i><\/div>\n\t\t\t  \n                  <p class=\"numbers\">01<\/p>      \n\t\t\t\t \n\t\t<\/div>\n\t\t<div class=\"content_carhome\">\n\t\t\t<h3 class=\"title_cardhome\">Sistemas de c\u00e1maras de seguridad para hogares y negocios<\/h3>\n\t\t<\/div>\n\t\t<\/a>\n\t<\/div>\n<\/div>\n\n\t\n<div class=\"cols_cardshome\">\n\t<div class=\"box_cardshome\">\n\t\t<a href=\"https:\/\/squadprevention.com\/en\/servicio\/servicios-de-vigilancia-y-monitoreo\/\">\n\t\t<div class=\"imagehome\">\n\t\t\t<div class=\"box_iconshome\"><i class=\"fal fa-desktop-alt\"><\/i><\/div>\n\t\t\t  \n                  <p class=\"numbers\">02<\/p>      \n\t\t\t\t \n\t\t<\/div>\n\t\t<div class=\"content_carhome\">\n\t\t\t<h3 class=\"title_cardhome\">Servicios de vigilancia y monitoreo<\/h3>\n\t\t<\/div>\n\t\t<\/a>\n\t<\/div>\n<\/div>\n\n\t\n<div class=\"cols_cardshome\">\n\t<div class=\"box_cardshome\">\n\t\t<a href=\"https:\/\/squadprevention.com\/en\/servicio\/alarmas-y-sistemas-de-control-de-acceso\/\">\n\t\t<div class=\"imagehome\">\n\t\t\t<div class=\"box_iconshome\"><i class=\"fas fa-joystick\"><\/i><\/div>\n\t\t\t  \n                  <p class=\"numbers\">03<\/p>      \n\t\t\t\t \n\t\t<\/div>\n\t\t<div class=\"content_carhome\">\n\t\t\t<h3 class=\"title_cardhome\">Alarmas y sistemas de control de acceso<\/h3>\n\t\t<\/div>\n\t\t<\/a>\n\t<\/div>\n<\/div>\n\n\t\n<div class=\"cols_cardshome\">\n\t<div class=\"box_cardshome\">\n\t\t<a href=\"https:\/\/squadprevention.com\/en\/servicio\/patrullaje-y-proteccion-fisica-de-bienes-y-personas\/\">\n\t\t<div class=\"imagehome\">\n\t\t\t<div class=\"box_iconshome\"><i class=\"fas fa-user-shield\"><\/i><\/div>\n\t\t\t  \n                  <p class=\"numbers\">04<\/p>      \n\t\t\t\t \n\t\t<\/div>\n\t\t<div class=\"content_carhome\">\n\t\t\t<h3 class=\"title_cardhome\">Patrullaje y protecci\u00f3n f\u00edsica de bienes y personas<\/h3>\n\t\t<\/div>\n\t\t<\/a>\n\t<\/div>\n<\/div>\n\n\t\n<div class=\"cols_cardshome\">\n\t<div class=\"box_cardshome\">\n\t\t<a href=\"https:\/\/squadprevention.com\/en\/servicio\/investigacion-de-antecedentes-y-verificacion-de-identidad\/\">\n\t\t<div class=\"imagehome\">\n\t\t\t<div class=\"box_iconshome\"><i class=\"fas fa-fingerprint\"><\/i><\/div>\n\t\t\t  \n                  <p class=\"numbers\">05<\/p>      \n\t\t\t\t \n\t\t<\/div>\n\t\t<div class=\"content_carhome\">\n\t\t\t<h3 class=\"title_cardhome\">Investigaci\u00f3n de antecedentes y verificaci\u00f3n de identidad<\/h3>\n\t\t<\/div>\n\t\t<\/a>\n\t<\/div>\n<\/div>\n\n\t\n<div class=\"cols_cardshome\">\n\t<div class=\"box_cardshome\">\n\t\t<a href=\"https:\/\/squadprevention.com\/en\/servicio\/consultoria-de-seguridad-y-evaluacion-de-riesgos\/\">\n\t\t<div class=\"imagehome\">\n\t\t\t<div class=\"box_iconshome\"><i class=\"far fa-calculator\"><\/i><\/div>\n\t\t\t  \n                  <p class=\"numbers\">06<\/p>      \n\t\t\t\t \n\t\t<\/div>\n\t\t<div class=\"content_carhome\">\n\t\t\t<h3 class=\"title_cardhome\">Consultor\u00eda de seguridad y evaluaci\u00f3n de riesgos<\/h3>\n\t\t<\/div>\n\t\t<\/a>\n\t<\/div>\n<\/div>\n\n\t\n<div class=\"cols_cardshome\">\n\t<div class=\"box_cardshome\">\n\t\t<a href=\"https:\/\/squadprevention.com\/en\/servicio\/entrenamiento-en-seguridad-y-capacitacion-en-prevencion-de-delitos\/\">\n\t\t<div class=\"imagehome\">\n\t\t\t<div class=\"box_iconshome\"><i class=\"fas fa-user-shield\"><\/i><\/div>\n\t\t\t  \n                  <p class=\"numbers\">07<\/p>      \n\t\t\t\t \n\t\t<\/div>\n\t\t<div class=\"content_carhome\">\n\t\t\t<h3 class=\"title_cardhome\">Adiestramientos en seguridad y capacitaci\u00f3n en prevenci\u00f3n de delitos<\/h3>\n\t\t<\/div>\n\t\t<\/a>\n\t<\/div>\n<\/div>\n\n\t\n<div class=\"cols_cardshome\">\n\t<div class=\"box_cardshome\">\n\t\t<a href=\"https:\/\/squadprevention.com\/en\/servicio\/proteccion-de-eventos-y-control-de-multitudes\/\">\n\t\t<div class=\"imagehome\">\n\t\t\t<div class=\"box_iconshome\"><i class=\"fas fa-users\"><\/i><\/div>\n\t\t\t  \n                  <p class=\"numbers\">08<\/p>      \n\t\t\t\t \n\t\t<\/div>\n\t\t<div class=\"content_carhome\">\n\t\t\t<h3 class=\"title_cardhome\">Protecci\u00f3n de eventos y control de multitudes<\/h3>\n\t\t<\/div>\n\t\t<\/a>\n\t<\/div>\n<\/div>\n\n \n<\/div>\n\n\n\t<p>\u00a1Protege tu hogar o<\/p>\n<p>negocio ahora!<\/p>\n\t\t\t<a href=\"http:\/\/squadprevention.com\/contacto\/\" target=\"_self\" rel=\"noopener\">\n\t\t\t\t\t\t\tConsigue una cotizaci\u00f3n\n\t\t\t\t\t<\/a>\n\t<p>\u00a1\u00danete a nuestra comunidad de seguridad y mantente al tanto de las \u00faltimas noticias y tendencias en el \u00e1mbito de la seguridad! Suscr\u00edbete a nuestro bolet\u00edn informativo para recibir actualizaciones exclusivas, promociones especiales y consejos \u00fatiles para proteger tu hogar o negocio.<\/p>\n\t<p>Descubre c\u00f3mo podemos ayudarte a proteger tus bienes y tu familia.<\/p>\n\n","protected":false},"excerpt":{"rendered":"<p>Tienes eventos privados ,competencia de ni\u00f1os, fiesta privadas , actividades lucrativas ,recaudaciones , Escolta de valores y personal. Llama o escribes para una consulta de nuestros expertos. La protecci\u00f3n de eventos y el control de multitudes son elementos vitales en la organizaci\u00f3n y ejecuci\u00f3n exitosa de reuniones masivas, ya sean conciertos multitudinarios, eventos deportivos de [&hellip;]<\/p>\n","protected":false},"author":1,"featured_media":0,"parent":0,"menu_order":0,"comment_status":"closed","ping_status":"closed","template":"","meta":{"_acf_changed":false,"site-sidebar-layout":"no-sidebar","site-content-layout":"page-builder","ast-site-content-layout":"full-width-container","site-content-style":"unboxed","site-sidebar-style":"unboxed","ast-global-header-display":"","ast-banner-title-visibility":"","ast-main-header-display":"","ast-hfb-above-header-display":"","ast-hfb-below-header-display":"","ast-hfb-mobile-header-display":"","site-post-title":"disabled","ast-breadcrumbs-content":"","ast-featured-img":"","footer-sml-layout":"","ast-disable-related-posts":"","theme-transparent-header-meta":"default","adv-header-id-meta":"","stick-header-meta":"","header-above-stick-meta":"","header-main-stick-meta":"","header-below-stick-meta":"","astra-migrate-meta-layouts":"set","ast-page-background-enabled":"default","ast-page-background-meta":{"desktop":{"background-color":"var(--ast-global-color-4)","background-image":"","background-repeat":"repeat","background-position":"center center","background-size":"auto","background-attachment":"scroll","background-type":"","background-media":"","overlay-type":"","overlay-color":"","overlay-opacity":"","overlay-gradient":""},"tablet":{"background-color":"","background-image":"","background-repeat":"repeat","background-position":"center center","background-size":"auto","background-attachment":"scroll","background-type":"","background-media":"","overlay-type":"","overlay-color":"","overlay-opacity":"","overlay-gradient":""},"mobile":{"background-color":"","background-image":"","background-repeat":"repeat","background-position":"center center","background-size":"auto","background-attachment":"scroll","background-type":"","background-media":"","overlay-type":"","overlay-color":"","overlay-opacity":"","overlay-gradient":""}},"ast-content-background-meta":{"desktop":{"background-color":"var(--ast-global-color-5)","background-image":"","background-repeat":"repeat","background-position":"center center","background-size":"auto","background-attachment":"scroll","background-type":"","background-media":"","overlay-type":"","overlay-color":"","overlay-opacity":"","overlay-gradient":""},"tablet":{"background-color":"var(--ast-global-color-5)","background-image":"","background-repeat":"repeat","background-position":"center center","background-size":"auto","background-attachment":"scroll","background-type":"","background-media":"","overlay-type":"","overlay-color":"","overlay-opacity":"","overlay-gradient":""},"mobile":{"background-color":"var(--ast-global-color-5)","background-image":"","background-repeat":"repeat","background-position":"center center","background-size":"auto","background-attachment":"scroll","background-type":"","background-media":"","overlay-type":"","overlay-color":"","overlay-opacity":"","overlay-gradient":""}},"footnotes":""},"class_list":["post-7","page","type-page","status-publish","hentry"],"acf":[],"jetpack_sharing_enabled":true,"_links":{"self":[{"href":"https:\/\/squadprevention.com\/en\/wp-json\/wp\/v2\/pages\/7","targetHints":{"allow":["GET"]}}],"collection":[{"href":"https:\/\/squadprevention.com\/en\/wp-json\/wp\/v2\/pages"}],"about":[{"href":"https:\/\/squadprevention.com\/en\/wp-json\/wp\/v2\/types\/page"}],"author":[{"embeddable":true,"href":"https:\/\/squadprevention.com\/en\/wp-json\/wp\/v2\/users\/1"}],"replies":[{"embeddable":true,"href":"https:\/\/squadprevention.com\/en\/wp-json\/wp\/v2\/comments?post=7"}],"version-history":[{"count":21,"href":"https:\/\/squadprevention.com\/en\/wp-json\/wp\/v2\/pages\/7\/revisions"}],"predecessor-version":[{"id":924,"href":"https:\/\/squadprevention.com\/en\/wp-json\/wp\/v2\/pages\/7\/revisions\/924"}],"wp:attachment":[{"href":"https:\/\/squadprevention.com\/en\/wp-json\/wp\/v2\/media?parent=7"}],"curies":[{"name":"wp","href":"https:\/\/api.w.org\/{rel}","templated":true}]}}