{"id":18,"date":"2023-03-18T11:51:49","date_gmt":"2023-03-18T11:51:49","guid":{"rendered":"http:\/\/squadprevention.com\/?page_id=18"},"modified":"2023-06-13T03:40:26","modified_gmt":"2023-06-13T03:40:26","slug":"servicios","status":"publish","type":"page","link":"https:\/\/squadprevention.com\/en\/servicios\/","title":{"rendered":"Services"},"content":{"rendered":"<p>Services<\/p>\n\t\n<style>\n.fila_cards {\n    display: flex;\n    flex-wrap: wrap;\n}\n.cols_cards {\n    width: 100%;\n    padding: 10px;\n}\n.box_cards .image {\n    position: relative;\n}\nh3.title_card {\n    min-height: 75px;\n    display: flex;\n    align-items: center;\n    margin-bottom: 5px !important;\n    font-weight: 500;\n    font-size: 20px;\n}\n.box_cards .image img {\n    height: 220px !important;\n    object-fit: cover !important;\n    width: 100% !important;\n}\n.sobra_degrade {\n    position: absolute;\n    width: 100%;\n    height: 100%;\n    background: linear-gradient(-180deg, transparent 16%, #fff 89%);\n    bottom: 0;\n}\n.box_icons {\n    position: absolute;\n    bottom: 10px;\n    left: 10px;\n    width: 80px;\n    height: 80px;\n    font-size: 35px;\n    display: flex;\n    align-items: center;\n    justify-content: center;\n    border-radius: 50%;\n    background: #fff;\n    color: #152b5d;\n}\n.content_car {\n    padding: 15px;\n}\n.box_cards {\n    box-shadow: 0px 0px 10px #ddd;\n    position: relative;\n    overflow: hidden;\n}\n.box_cards:hover a.learmore {\n    bottom: 0;\n    transition: all ease .5s;\n}\na.learmore {\n    width: 100%;\n    display: block;\n    background: #152b5d;\n    text-align: center;\n    padding: 10px;\n    bottom: -100px;\n    position: absolute;\n    text-decoration: none !important;\n    color: #fff !important;\n\ttransition: all ease .5s;\n}\n\n\t\n\t\n\t\n@media(min-width: 768px){\n.cols_cards {\n    width: 33.33333%;\n    padding: 10px;\n}\n\n\n}\n<\/style>\n\n<div class=\"fila_cards\">\n\t\n<div class=\"cols_cards\">\n\t<div class=\"box_cards\">\n\t\t<div class=\"image\">\n\t\t\t<img decoding=\"async\" src=\"https:\/\/squadprevention.com\/wp-content\/uploads\/2023\/06\/10.jpg\" alt=\"\">\n\t\t\t<div class=\"sobra_degrade\"><\/div>\n\t\t\t<div class=\"box_icons\"><i class=\"fas fa-cctv\"><\/i><\/div>\n\t\t<\/div>\n\t\t<div class=\"content_car\">\n\t\t\t<h3 class=\"title_card\">Security camera systems for homes and businesses<\/h3>\n\t\t\t<p class=\"cpnte_card\">C\u00e1maras de seguridad para su hogar y negocio desde los m\u00e1s b\u00e1sico hasta los m\u00e1s extravagante sabemos que en estos tiempos la criminalidad a...<\/p>\n\t\t<\/div>\n\t\t<a class=\"learmore\" href=\"https:\/\/squadprevention.com\/en\/servicio\/sistemas-de-camaras-de-seguridad-para-hogares-y-negocios\/\">View Details <i class=\"far fa-angle-right\"><\/i><\/a>\n\t<\/div>\n\t\n<\/div>\n\n\t\n<div class=\"cols_cards\">\n\t<div class=\"box_cards\">\n\t\t<div class=\"image\">\n\t\t\t<img decoding=\"async\" src=\"https:\/\/squadprevention.com\/wp-content\/uploads\/2023\/06\/monitoring.jpg\" alt=\"\">\n\t\t\t<div class=\"sobra_degrade\"><\/div>\n\t\t\t<div class=\"box_icons\"><i class=\"fal fa-desktop-alt\"><\/i><\/div>\n\t\t<\/div>\n\t\t<div class=\"content_car\">\n\t\t\t<h3 class=\"title_card\">Surveillance and monitoring services<\/h3>\n\t\t\t<p class=\"cpnte_card\">Sabemos que en estos tiempo el tiempo es oro y muy corto para andar mirando sus vienes desde un celular\u2026 disfrute su tranquilidad y...<\/p>\n\t\t<\/div>\n\t\t<a class=\"learmore\" href=\"https:\/\/squadprevention.com\/en\/servicio\/servicios-de-vigilancia-y-monitoreo\/\">View Details <i class=\"far fa-angle-right\"><\/i><\/a>\n\t<\/div>\n\t\n<\/div>\n\n\t\n<div class=\"cols_cards\">\n\t<div class=\"box_cards\">\n\t\t<div class=\"image\">\n\t\t\t<img decoding=\"async\" src=\"https:\/\/squadprevention.com\/wp-content\/uploads\/2023\/06\/prod-control-acceso-1.jpg\" alt=\"\">\n\t\t\t<div class=\"sobra_degrade\"><\/div>\n\t\t\t<div class=\"box_icons\"><i class=\"fas fa-joystick\"><\/i><\/div>\n\t\t<\/div>\n\t\t<div class=\"content_car\">\n\t\t\t<h3 class=\"title_card\">Alarms and access control systems<\/h3>\n\t\t\t<p class=\"cpnte_card\">Cuanto clientes pierdes a diario por robos en su local cuanto dinero y tiempo pierdes cada vez que tienes que hacer gestiones para detener...<\/p>\n\t\t<\/div>\n\t\t<a class=\"learmore\" href=\"https:\/\/squadprevention.com\/en\/servicio\/alarmas-y-sistemas-de-control-de-acceso\/\">View Details <i class=\"far fa-angle-right\"><\/i><\/a>\n\t<\/div>\n\t\n<\/div>\n\n\t\n<div class=\"cols_cards\">\n\t<div class=\"box_cards\">\n\t\t<div class=\"image\">\n\t\t\t<img decoding=\"async\" src=\"https:\/\/squadprevention.com\/wp-content\/uploads\/2023\/06\/camara-ip-con-poe.webp\" alt=\"\">\n\t\t\t<div class=\"sobra_degrade\"><\/div>\n\t\t\t<div class=\"box_icons\"><i class=\"fas fa-user-shield\"><\/i><\/div>\n\t\t<\/div>\n\t\t<div class=\"content_car\">\n\t\t\t<h3 class=\"title_card\">Patrolling and physical protection of property and individuals<\/h3>\n\t\t\t<p class=\"cpnte_card\">Tienes m\u00faltiples locales 0 casas de alquiler o puestos de gasolinas , franquicias , quieres estar tranquilo y relajando en sus casa compartiendo en...<\/p>\n\t\t<\/div>\n\t\t<a class=\"learmore\" href=\"https:\/\/squadprevention.com\/en\/servicio\/patrullaje-y-proteccion-fisica-de-bienes-y-personas\/\">View Details <i class=\"far fa-angle-right\"><\/i><\/a>\n\t<\/div>\n\t\n<\/div>\n\n\t\n<div class=\"cols_cards\">\n\t<div class=\"box_cards\">\n\t\t<div class=\"image\">\n\t\t\t<img decoding=\"async\" src=\"https:\/\/squadprevention.com\/wp-content\/uploads\/2023\/06\/criminal-record-usa-1.jpg\" alt=\"\">\n\t\t\t<div class=\"sobra_degrade\"><\/div>\n\t\t\t<div class=\"box_icons\"><i class=\"fas fa-fingerprint\"><\/i><\/div>\n\t\t<\/div>\n\t\t<div class=\"content_car\">\n\t\t\t<h3 class=\"title_card\">Background investigation and identity verification<\/h3>\n\t\t\t<p class=\"cpnte_card\">verificar a sus empleados es importante para todos y evitar incidentes de fraudes, robos futuros, ofensores sexuales y otros . Consulte nuestro expertos para...<\/p>\n\t\t<\/div>\n\t\t<a class=\"learmore\" href=\"https:\/\/squadprevention.com\/en\/servicio\/investigacion-de-antecedentes-y-verificacion-de-identidad\/\">View Details <i class=\"far fa-angle-right\"><\/i><\/a>\n\t<\/div>\n\t\n<\/div>\n\n\t\n<div class=\"cols_cards\">\n\t<div class=\"box_cards\">\n\t\t<div class=\"image\">\n\t\t\t<img decoding=\"async\" src=\"https:\/\/squadprevention.com\/wp-content\/uploads\/2023\/06\/consultoria-de-seguridad-integral-analisis-de-vulnerabilidad.webp\" alt=\"\">\n\t\t\t<div class=\"sobra_degrade\"><\/div>\n\t\t\t<div class=\"box_icons\"><i class=\"far fa-calculator\"><\/i><\/div>\n\t\t<\/div>\n\t\t<div class=\"content_car\">\n\t\t\t<h3 class=\"title_card\">Security consulting and risk assessment<\/h3>\n\t\t\t<p class=\"cpnte_card\">Tienes local o est\u00e1s empezando un nuevo negocio consulte con nuestros experto para orientaci\u00f3n y cotizaci\u00f3n Evite demanda y incidentes innecesarios estas a tiempo...<\/p>\n\t\t<\/div>\n\t\t<a class=\"learmore\" href=\"https:\/\/squadprevention.com\/en\/servicio\/consultoria-de-seguridad-y-evaluacion-de-riesgos\/\">View Details <i class=\"far fa-angle-right\"><\/i><\/a>\n\t<\/div>\n\t\n<\/div>\n\n\t\n<div class=\"cols_cards\">\n\t<div class=\"box_cards\">\n\t\t<div class=\"image\">\n\t\t\t<img decoding=\"async\" src=\"https:\/\/squadprevention.com\/wp-content\/uploads\/2023\/06\/capacitaciones-en-atempi.jpg\" alt=\"\">\n\t\t\t<div class=\"sobra_degrade\"><\/div>\n\t\t\t<div class=\"box_icons\"><i class=\"fas fa-user-shield\"><\/i><\/div>\n\t\t<\/div>\n\t\t<div class=\"content_car\">\n\t\t\t<h3 class=\"title_card\">Adiestramientos en seguridad y capacitaci\u00f3n en prevenci\u00f3n de delitos<\/h3>\n\t\t\t<p class=\"cpnte_card\">Necesitas capacitar a su empleados para situaciones impredecibles como peleas,balaceras,borrachos, intrusos, llamadas fraudulentas, con suelte con nuestro expertos para orientaci\u00f3n No esperes a que...<\/p>\n\t\t<\/div>\n\t\t<a class=\"learmore\" href=\"https:\/\/squadprevention.com\/en\/servicio\/entrenamiento-en-seguridad-y-capacitacion-en-prevencion-de-delitos\/\">View Details <i class=\"far fa-angle-right\"><\/i><\/a>\n\t<\/div>\n\t\n<\/div>\n\n\t\n<div class=\"cols_cards\">\n\t<div class=\"box_cards\">\n\t\t<div class=\"image\">\n\t\t\t<img decoding=\"async\" src=\"https:\/\/squadprevention.com\/wp-content\/uploads\/2023\/06\/security-guard-frisk-passengers-standing-in-queue-1160x700-1.jpg\" alt=\"\">\n\t\t\t<div class=\"sobra_degrade\"><\/div>\n\t\t\t<div class=\"box_icons\"><i class=\"fas fa-users\"><\/i><\/div>\n\t\t<\/div>\n\t\t<div class=\"content_car\">\n\t\t\t<h3 class=\"title_card\">Protecci\u00f3n de eventos y control de multitudes<\/h3>\n\t\t\t<p class=\"cpnte_card\">Tienes eventos privados ,competencia de ni\u00f1os, fiesta privadas , actividades lucrativas ,recaudaciones , Escolta de valores y personal. Llama o escribes para una consulta...<\/p>\n\t\t<\/div>\n\t\t<a class=\"learmore\" href=\"https:\/\/squadprevention.com\/en\/servicio\/proteccion-de-eventos-y-control-de-multitudes\/\">View Details <i class=\"far fa-angle-right\"><\/i><\/a>\n\t<\/div>\n\t\n<\/div>\n\n \n<\/div>\n\n\n\t<p>FEATURES<\/p>\n\t<p>Opt for Security<\/p>\n<p>and Set Yourself Free<\/p>\n\t\t\t<a href=\"http:\/\/squadprevention.com\/en\/contacto\/\" target=\"_self\" role=\"button\" rel=\"noopener\">\n\t\t\t\t\t\t\tGet in Touch\n\t\t\t<\/a>","protected":false},"excerpt":{"rendered":"<p>Tienes eventos privados ,competencia de ni\u00f1os, fiesta privadas , actividades lucrativas ,recaudaciones , Escolta de valores y personal. Llama o escribes para una consulta de nuestros expertos. La protecci\u00f3n de eventos y el control de multitudes son elementos vitales en la organizaci\u00f3n y ejecuci\u00f3n exitosa de reuniones masivas, ya sean conciertos multitudinarios, eventos deportivos de [&hellip;]<\/p>\n","protected":false},"author":1,"featured_media":0,"parent":0,"menu_order":0,"comment_status":"closed","ping_status":"closed","template":"","meta":{"_acf_changed":false,"site-sidebar-layout":"no-sidebar","site-content-layout":"page-builder","ast-site-content-layout":"default","site-content-style":"default","site-sidebar-style":"default","ast-global-header-display":"","ast-banner-title-visibility":"","ast-main-header-display":"","ast-hfb-above-header-display":"","ast-hfb-below-header-display":"","ast-hfb-mobile-header-display":"","site-post-title":"disabled","ast-breadcrumbs-content":"","ast-featured-img":"disabled","footer-sml-layout":"","ast-disable-related-posts":"","theme-transparent-header-meta":"default","adv-header-id-meta":"","stick-header-meta":"","header-above-stick-meta":"","header-main-stick-meta":"","header-below-stick-meta":"","astra-migrate-meta-layouts":"default","ast-page-background-enabled":"default","ast-page-background-meta":{"desktop":{"background-color":"var(--ast-global-color-4)","background-image":"","background-repeat":"repeat","background-position":"center center","background-size":"auto","background-attachment":"scroll","background-type":"","background-media":"","overlay-type":"","overlay-color":"","overlay-opacity":"","overlay-gradient":""},"tablet":{"background-color":"","background-image":"","background-repeat":"repeat","background-position":"center center","background-size":"auto","background-attachment":"scroll","background-type":"","background-media":"","overlay-type":"","overlay-color":"","overlay-opacity":"","overlay-gradient":""},"mobile":{"background-color":"","background-image":"","background-repeat":"repeat","background-position":"center center","background-size":"auto","background-attachment":"scroll","background-type":"","background-media":"","overlay-type":"","overlay-color":"","overlay-opacity":"","overlay-gradient":""}},"ast-content-background-meta":{"desktop":{"background-color":"var(--ast-global-color-5)","background-image":"","background-repeat":"repeat","background-position":"center center","background-size":"auto","background-attachment":"scroll","background-type":"","background-media":"","overlay-type":"","overlay-color":"","overlay-opacity":"","overlay-gradient":""},"tablet":{"background-color":"var(--ast-global-color-5)","background-image":"","background-repeat":"repeat","background-position":"center center","background-size":"auto","background-attachment":"scroll","background-type":"","background-media":"","overlay-type":"","overlay-color":"","overlay-opacity":"","overlay-gradient":""},"mobile":{"background-color":"var(--ast-global-color-5)","background-image":"","background-repeat":"repeat","background-position":"center center","background-size":"auto","background-attachment":"scroll","background-type":"","background-media":"","overlay-type":"","overlay-color":"","overlay-opacity":"","overlay-gradient":""}},"footnotes":""},"class_list":["post-18","page","type-page","status-publish","hentry"],"acf":[],"jetpack_sharing_enabled":true,"_links":{"self":[{"href":"https:\/\/squadprevention.com\/en\/wp-json\/wp\/v2\/pages\/18","targetHints":{"allow":["GET"]}}],"collection":[{"href":"https:\/\/squadprevention.com\/en\/wp-json\/wp\/v2\/pages"}],"about":[{"href":"https:\/\/squadprevention.com\/en\/wp-json\/wp\/v2\/types\/page"}],"author":[{"embeddable":true,"href":"https:\/\/squadprevention.com\/en\/wp-json\/wp\/v2\/users\/1"}],"replies":[{"embeddable":true,"href":"https:\/\/squadprevention.com\/en\/wp-json\/wp\/v2\/comments?post=18"}],"version-history":[{"count":5,"href":"https:\/\/squadprevention.com\/en\/wp-json\/wp\/v2\/pages\/18\/revisions"}],"predecessor-version":[{"id":116,"href":"https:\/\/squadprevention.com\/en\/wp-json\/wp\/v2\/pages\/18\/revisions\/116"}],"wp:attachment":[{"href":"https:\/\/squadprevention.com\/en\/wp-json\/wp\/v2\/media?parent=18"}],"curies":[{"name":"wp","href":"https:\/\/api.w.org\/{rel}","templated":true}]}}