{"id":123,"date":"2023-06-13T11:17:31","date_gmt":"2023-06-13T11:17:31","guid":{"rendered":"http:\/\/squadprevention.com\/?page_id=123"},"modified":"2023-06-27T11:32:38","modified_gmt":"2023-06-27T11:32:38","slug":"sobre-nosotros","status":"publish","type":"page","link":"https:\/\/squadprevention.com\/en\/sobre-nosotros\/","title":{"rendered":"About us"},"content":{"rendered":"\n\n\t<p>Acerca de<\/p>\n\t\t\t\t<img loading=\"lazy\" decoding=\"async\" src=\"http:\/\/squadprevention.com\/wp-content\/uploads\/2023\/06\/ab-hm-4.webp\" alt=\"ab-hm-4\" itemprop=\"image\" height=\"520\" width=\"520\" title=\"ab-hm-4\" onerror=\"this.style.display='none'\"  \/>\n\t<p><strong>+5<\/strong><\/p>\n<p>a\u00f1os de<\/p>\n<p>experiencia<\/p>\n\t<p>SOBRE NOSOTROS<\/p>\n\t<h2>Squad prevenci\u00f3n, cero tolerancias al crimen<\/h2>\n\t<p>Nuestro equipo de expertos altamente capacitados cuenta con a\u00f1os de experiencia en el campo de la seguridad y est\u00e1 comprometido en ofrecer soluciones personalizadas para cada uno de nuestros clientes. Ya sea que necesite proteger su hogar o empresa, nuestros servicios se adaptan a sus necesidades espec\u00edficas para proporcionar una protecci\u00f3n completa y eficaz.<\/p>\n\t\t\t<a href=\"\" target=\"_self\" rel=\"noopener\">\n\t\t\t\t\t\t\tCont\u00e1ctanos\n\t\t\t\t\t<\/a>\n\t<p>Lo que proporcionamos<\/p>\n\t\t\t<p>01<\/p>\n\t\t\t<h3>Servicios de seguridad armado desarmado<\/h3>\n\t\t\t<p>02<\/p>\n\t\t\t<h3>Acesoria y solicitudes <\/h3>\n\t\t\t<p>03<\/p>\n\t\t\t<h3>Ofertas adiestrasmientos <\/h3>\n\t\t\t<p>04<\/p>\n\t\t\t<h3>Toma de huellas digitales<\/h3>\n\t<p>Misi\u00f3n<\/p>\n\t<p>Proteger y garantizar la seguridad de nuestros clientes y sus bienes mediante la implementaci\u00f3n de soluciones de seguridad personalizadas, tecnol\u00f3gicamente avanzadas y eficientes, y mediante la capacitaci\u00f3n constante de nuestro equipo de expertos en seguridad.<\/p>\n\t<p>Visi\u00f3n<\/p>\n\t<p>Ser la empresa l\u00edder en servicios de seguridad e investigaci\u00f3n en la regi\u00f3n, reconocida por su excelencia en el servicio al cliente, su tecnolog\u00eda avanzada y su personal altamente capacitado. Ser la primera elecci\u00f3n de nuestros clientes cuando se trata de proteger su hogar o negocio.<\/p>\n\t<style id=\"wp_carousel_dynamic_css129\">.sp-wp-carousel-free-id-129.wpcf-fancybox-wrapper .fancybox-bg{background: #0b0b0b;opacity: 0.8;}.sp-wp-carousel-free-id-129.wpcf-fancybox-wrapper .fancybox-navigation .fancybox-button .wpcp-fancybox-nav-arrow i {color: #ccc;}.sp-wp-carousel-free-id-129.wpcf-fancybox-wrapper .fancybox-navigation .fancybox-button .wpcp-fancybox-nav-arrow i:hover {color: #fff;}.sp-wp-carousel-free-id-129.wpcf-fancybox-wrapper .fancybox-navigation .fancybox-button {background: #1e1e1e;}.sp-wp-carousel-free-id-129.wpcf-fancybox-wrapper .fancybox-navigation .fancybox-button:hover {background: #1e1e1e;}#sp-wp-carousel-free-id-129 .wpcp-swiper-dots {margin: 40px 0px 0px 0px;}.wpcp-wrapper-129 .swiper-wrapper .swiper-slide-kenburn, .wpcp-wrapper-129 .swiper-wrapper, .wpcp-wrapper-129 .wpcpro-row{align-items: center;}#sp-wp-carousel-free-id-129 .wpcp-single-item {box-shadow: 0px 0px 0px 0px #dddddd;transition: all .3s;margin: 0px;}#sp-wp-carousel-free-id-129.swiper-flip .wpcp-single-item{margin: 0!important;}#sp-wp-carousel-free-id-129 .wpcp-single-item:hover {box-shadow: 0px 0px 0px 0px #dddddd;}#sp-wp-carousel-free-id-129.sp-wpcp-129 .wpcp-single-item {border: 1px solid #dddddd;} #sp-wp-carousel-free-id-129.sp-wpcp-129.wpcp-image-carousel .wpcp-single-item:hover img, #sp-wp-carousel-free-id-129.sp-wpcp-129.wpcp-post-carousel .wpcp-single-item:hover img, #sp-wp-carousel-free-id-129.sp-wpcp-129.wpcp-product-carousel .wpcp-single-item:hover img{-webkit-transform: scale(1.2);-moz-transform: scale(1.2);transform: scale(1.2);}#sp-wp-carousel-free-id-129.nav-vertical-center {padding: 0;margin:0;}#sp-wp-carousel-free-id-129 .wpcpro-row>[class*=\"wpcpro-col-\"] { padding: 0 0px; padding-bottom: 0px;} #sp-wp-carousel-free-id-129 .swiper-slide .single-item-fade:not(:last-child) { margin-right: 0px;}@media (min-width: 480px) { .wpcpro-row .wpcpro-col-sm-1 { flex: 0 0 100%; max-width: 100%; } .wpcpro-row .wpcpro-col-sm-2 { flex: 0 0 50%; max-width: 50%; } .wpcpro-row .wpcpro-col-sm-2-5 { flex: 0 0 75%; max-width: 75%; } .wpcpro-row .wpcpro-col-sm-3 { flex: 0 0 33.333%; max-width: 33.333%; } .wpcpro-row .wpcpro-col-sm-4 { flex: 0 0 25%; max-width: 25%; } .wpcpro-row .wpcpro-col-sm-5 { flex: 0 0 20%; max-width: 20%; } .wpcpro-row .wpcpro-col-sm-6 { flex: 0 0 16.66666666666667%; max-width: 16.66666666666667%; } .wpcpro-row .wpcpro-col-sm-7 { flex: 0 0 14.28571428%; max-width: 14.28571428%; } .wpcpro-row .wpcpro-col-sm-8 { flex: 0 0 12.5%; max-width: 12.5%; } } @media (max-width: 480px) { .wpcpro-row .wpcpro-col-xs-1 { flex: 0 0 100%; max-width: 100%; } .wpcpro-row .wpcpro-col-xs-2 { flex: 0 0 50%; max-width: 50%; } .wpcpro-row .wpcpro-col-xs-3 { flex: 0 0 33.222%; max-width: 33.222%; } .wpcpro-row .wpcpro-col-xs-4 { flex: 0 0 25%; max-width: 25%; } .wpcpro-row .wpcpro-col-xs-5 { flex: 0 0 20%; max-width: 20%; } .wpcpro-row .wpcpro-col-xs-6 { flex: 0 0 16.6667%; max-width: 16.6667%; } .wpcpro-row .wpcpro-col-xs-7 { flex: 0 0 14.28571428%; max-width: 14.28571428%; } .wpcpro-row .wpcpro-col-xs-8 { flex: 0 0 12.5%; max-width: 12.5%; } } @media (min-width: 736px) { .wpcpro-row .wpcpro-col-md-1 { flex: 0 0 100%; max-width: 100%; } .wpcpro-row .wpcpro-col-md-2 { flex: 0 0 50%; max-width: 50%; } .wpcpro-row .wpcpro-col-md-2-5 { flex: 0 0 75%; max-width: 75%; } .wpcpro-row .wpcpro-col-md-3 { flex: 0 0 33.333%; max-width: 33.333%; } .wpcpro-row .wpcpro-col-md-4 { flex: 0 0 25%; max-width: 25%; } .wpcpro-row .wpcpro-col-md-5 { flex: 0 0 20%; max-width: 20%; } .wpcpro-row .wpcpro-col-md-6 { flex: 0 0 16.66666666666667%; max-width: 16.66666666666667%; } .wpcpro-row .wpcpro-col-md-7 { flex: 0 0 14.28571428%; max-width: 14.28571428%; } .wpcpro-row .wpcpro-col-md-8 { flex: 0 0 12.5%; max-width: 12.5%; } } @media (min-width: 980px) { .wpcpro-row .wpcpro-col-lg-1 { flex: 0 0 100%; max-width: 100%; } .wpcpro-row .wpcpro-col-lg-2 { flex: 0 0 50%; max-width: 50%; } .wpcpro-row .wpcpro-col-lg-3 { flex: 0 0 33.222%; max-width: 33.222%; } .wpcpro-row .wpcpro-col-lg-4 { flex: 0 0 25%; max-width: 25%; } .wpcpro-row .wpcpro-col-lg-5 { flex: 0 0 20%; max-width: 20%; } .wpcpro-row .wpcpro-col-lg-6 { flex: 0 0 16.6667%; max-width: 16.6667%; } .wpcpro-row .wpcpro-col-lg-7 { flex: 0 0 14.28571428%; max-width: 14.28571428%; } .wpcpro-row .wpcpro-col-lg-8 { flex: 0 0 12.5%; max-width: 12.5%; } } @media (min-width: 1200px) { .wpcpro-row .wpcpro-col-xl-1 { flex: 0 0 100%; max-width: 100%; } .wpcpro-row .wpcpro-col-xl-2 { flex: 0 0 50%; max-width: 50%; } .wpcpro-row .wpcpro-col-xl-3 { flex: 0 0 33.22222222%; max-width: 33.22222222%; } .wpcpro-row .wpcpro-col-xl-4 { flex: 0 0 25%; max-width: 25%; } .wpcpro-row .wpcpro-col-xl-5 { flex: 0 0 20%; max-width: 20%; } .wpcpro-row .wpcpro-col-xl-6 { flex: 0 0 16.66667%; max-width: 16.66667%; } .wpcpro-row .wpcpro-col-xl-7 { flex: 0 0 14.28571428%; max-width: 14.28571428%; } .wpcpro-row .wpcpro-col-xl-8 { flex: 0 0 12.5%; max-width: 12.5%; } }<\/style><div class=\"wpcp-carousel-wrapper wpcp-wrapper-129\">\n\t<div id=\"wpcp-preloader-129\" class=\"wpcp-carousel-preloader\"><img decoding=\"async\" src=\"https:\/\/squadprevention.com\/wp-content\/plugins\/wp-carousel-free\/public\/css\/spinner.svg\" alt=\"Preloader Image\" \/><\/div>\t<div class=\"wpcp-carousel-content-wrapper\">\n\t<div id=\"sp-wp-carousel-free-id-129\" class=\"wpcp-carousel-section sp-wpcp-129  nav-vertical-center wpcp-image-carousel wpcp-preloader wpcp-standard\" data-swiper='{ &quot;pagination_type&quot;: &quot;dots&quot;,&quot;accessibility&quot;:true, &quot;spaceBetween&quot;:0, &quot;arrows&quot;:false, &quot;freeMode&quot;: false, &quot;autoplay&quot;:true, &quot;effect&quot;: &quot;&quot;, &quot;centerMode&quot;: false, &quot;autoplaySpeed&quot;:3000, &quot;dots&quot;:false, &quot;infinite&quot;:true, &quot;speed&quot;:600, &quot;pauseOnHover&quot;:false,\n\t\t\t&quot;slidesToShow&quot;:{&quot;lg_desktop&quot;:6, &quot;desktop&quot;: 5, &quot;laptop&quot;: 4, &quot;tablet&quot;: 3, &quot;mobile&quot;: 2}, &quot;responsive&quot;:{&quot;desktop&quot;:1200, &quot;laptop&quot;: 980, &quot;tablet&quot;: 736, &quot;mobile&quot;: 480}, &quot;rtl&quot;:false, &quot;lazyLoad&quot;: &quot;false&quot;, &quot;swipe&quot;: true, &quot;draggable&quot;: true, &quot;swipeToSlide&quot;:false }' dir=\"ltr\">\n\t\t<div class=\"swiper-wrapper\">\n\t\t<div class=\"swiper-slide\">\n\t<div class=\"wpcp-single-item\">\n\t\t\t<a class=\"wcp-light-box\" data-buttons='[\"close\"]' data-wpc_url='https:\/\/squadprevention.com\/wp-content\/uploads\/2023\/06\/IMG-1169.jpg' href=\"https:\/\/squadprevention.com\/wp-content\/uploads\/2023\/06\/IMG-1169.jpg\" data-fancybox=\"wpcp_view\">\n\t\t<figure>\n\t\t\t<img loading=\"lazy\" decoding=\"async\" class=\"skip-lazy\" src=\"https:\/\/squadprevention.com\/wp-content\/uploads\/2023\/06\/IMG-1169.jpg\" alt=\"IMG-1169\" width=\"518\" height=\"518\">\t\t<\/figure>\n\t<\/a>\n\t\t<\/div>\n<\/div>\n\t<div class=\"swiper-slide\">\n\t<div class=\"wpcp-single-item\">\n\t\t\t<a class=\"wcp-light-box\" data-buttons='[\"close\"]' data-wpc_url='https:\/\/squadprevention.com\/wp-content\/uploads\/2023\/06\/dh-ipc-hdbw4421ep.jpg' href=\"https:\/\/squadprevention.com\/wp-content\/uploads\/2023\/06\/dh-ipc-hdbw4421ep.jpg\" data-fancybox=\"wpcp_view\">\n\t\t<figure>\n\t\t\t<img loading=\"lazy\" decoding=\"async\" class=\"skip-lazy\" src=\"https:\/\/squadprevention.com\/wp-content\/uploads\/2023\/06\/dh-ipc-hdbw4421ep.jpg\" alt=\"dh-ipc-hdbw4421ep\" width=\"390\" height=\"336\">\t\t<\/figure>\n\t<\/a>\n\t\t<\/div>\n<\/div>\n\t<div class=\"swiper-slide\">\n\t<div class=\"wpcp-single-item\">\n\t\t\t<a class=\"wcp-light-box\" data-buttons='[\"close\"]' data-wpc_url='https:\/\/squadprevention.com\/wp-content\/uploads\/2023\/06\/010173.jpg.webp' href=\"https:\/\/squadprevention.com\/wp-content\/uploads\/2023\/06\/010173.jpg.webp\" data-fancybox=\"wpcp_view\">\n\t\t<figure>\n\t\t\t<img loading=\"lazy\" decoding=\"async\" class=\"skip-lazy\" src=\"https:\/\/squadprevention.com\/wp-content\/uploads\/2023\/06\/010173.jpg.webp\" alt=\"010173.jpg\" width=\"1512\" height=\"1512\">\t\t<\/figure>\n\t<\/a>\n\t\t<\/div>\n<\/div>\n\t<div class=\"swiper-slide\">\n\t<div class=\"wpcp-single-item\">\n\t\t\t<a class=\"wcp-light-box\" data-buttons='[\"close\"]' data-wpc_url='https:\/\/squadprevention.com\/wp-content\/uploads\/2023\/06\/HAC-HFW3231E-ZT_Image222.jpg' href=\"https:\/\/squadprevention.com\/wp-content\/uploads\/2023\/06\/HAC-HFW3231E-ZT_Image222.jpg\" data-fancybox=\"wpcp_view\">\n\t\t<figure>\n\t\t\t<img loading=\"lazy\" decoding=\"async\" class=\"skip-lazy\" src=\"https:\/\/squadprevention.com\/wp-content\/uploads\/2023\/06\/HAC-HFW3231E-ZT_Image222.jpg\" alt=\"HAC-HFW3231E-ZT_Image222\" width=\"756\" height=\"756\">\t\t<\/figure>\n\t<\/a>\n\t\t<\/div>\n<\/div>\n\t<div class=\"swiper-slide\">\n\t<div class=\"wpcp-single-item\">\n\t\t\t<a class=\"wcp-light-box\" data-buttons='[\"close\"]' data-wpc_url='https:\/\/squadprevention.com\/wp-content\/uploads\/2023\/06\/HDCVI-600x600-1.png' href=\"https:\/\/squadprevention.com\/wp-content\/uploads\/2023\/06\/HDCVI-600x600-1.png\" data-fancybox=\"wpcp_view\">\n\t\t<figure>\n\t\t\t<img loading=\"lazy\" decoding=\"async\" class=\"skip-lazy\" src=\"https:\/\/squadprevention.com\/wp-content\/uploads\/2023\/06\/HDCVI-600x600-1.png\" alt=\"HDCVI-600x600\" width=\"600\" height=\"600\">\t\t<\/figure>\n\t<\/a>\n\t\t<\/div>\n<\/div>\n\t<div class=\"swiper-slide\">\n\t<div class=\"wpcp-single-item\">\n\t\t\t<a class=\"wcp-light-box\" data-buttons='[\"close\"]' data-wpc_url='https:\/\/squadprevention.com\/wp-content\/uploads\/2023\/06\/E8TURBOG2_A-p.png' href=\"https:\/\/squadprevention.com\/wp-content\/uploads\/2023\/06\/E8TURBOG2_A-p.png\" data-fancybox=\"wpcp_view\">\n\t\t<figure>\n\t\t\t<img loading=\"lazy\" decoding=\"async\" class=\"skip-lazy\" src=\"https:\/\/squadprevention.com\/wp-content\/uploads\/2023\/06\/E8TURBOG2_A-p.png\" alt=\"E8TURBOG2_A-p\" width=\"400\" height=\"400\">\t\t<\/figure>\n\t<\/a>\n\t\t<\/div>\n<\/div>\n\t<div class=\"swiper-slide\">\n\t<div class=\"wpcp-single-item\">\n\t\t\t<a class=\"wcp-light-box\" data-buttons='[\"close\"]' data-wpc_url='https:\/\/squadprevention.com\/wp-content\/uploads\/2023\/06\/E50TURBOG2_A-p.png' href=\"https:\/\/squadprevention.com\/wp-content\/uploads\/2023\/06\/E50TURBOG2_A-p.png\" data-fancybox=\"wpcp_view\">\n\t\t<figure>\n\t\t\t<img loading=\"lazy\" decoding=\"async\" class=\"skip-lazy\" src=\"https:\/\/squadprevention.com\/wp-content\/uploads\/2023\/06\/E50TURBOG2_A-p.png\" alt=\"E50TURBOG2_A-p\" width=\"400\" height=\"400\">\t\t<\/figure>\n\t<\/a>\n\t\t<\/div>\n<\/div>\n\t<div class=\"swiper-slide\">\n\t<div class=\"wpcp-single-item\">\n\t\t\t<a class=\"wcp-light-box\" data-buttons='[\"close\"]' data-wpc_url='https:\/\/squadprevention.com\/wp-content\/uploads\/2023\/06\/E8TURBOG2P_A-p.webp' href=\"https:\/\/squadprevention.com\/wp-content\/uploads\/2023\/06\/E8TURBOG2P_A-p.webp\" data-fancybox=\"wpcp_view\">\n\t\t<figure>\n\t\t\t<img loading=\"lazy\" decoding=\"async\" class=\"skip-lazy\" src=\"https:\/\/squadprevention.com\/wp-content\/uploads\/2023\/06\/E8TURBOG2P_A-p.webp\" alt=\"E8TURBOG2P_A-p\" width=\"400\" height=\"400\">\t\t<\/figure>\n\t<\/a>\n\t\t<\/div>\n<\/div>\n\t<div class=\"swiper-slide\">\n\t<div class=\"wpcp-single-item\">\n\t\t\t<a class=\"wcp-light-box\" data-buttons='[\"close\"]' data-wpc_url='https:\/\/squadprevention.com\/wp-content\/uploads\/2023\/06\/IMG-1159.jpg' href=\"https:\/\/squadprevention.com\/wp-content\/uploads\/2023\/06\/IMG-1159.jpg\" data-fancybox=\"wpcp_view\">\n\t\t<figure>\n\t\t\t<img loading=\"lazy\" decoding=\"async\" class=\"skip-lazy\" src=\"https:\/\/squadprevention.com\/wp-content\/uploads\/2023\/06\/IMG-1159.jpg\" alt=\"IMG-1159\" width=\"518\" height=\"518\">\t\t<\/figure>\n\t<\/a>\n\t\t<\/div>\n<\/div>\n\t<div class=\"swiper-slide\">\n\t<div class=\"wpcp-single-item\">\n\t\t\t<a class=\"wcp-light-box\" data-buttons='[\"close\"]' data-wpc_url='https:\/\/squadprevention.com\/wp-content\/uploads\/2023\/06\/IMG-1186.png' href=\"https:\/\/squadprevention.com\/wp-content\/uploads\/2023\/06\/IMG-1186.png\" data-fancybox=\"wpcp_view\">\n\t\t<figure>\n\t\t\t<img loading=\"lazy\" decoding=\"async\" class=\"skip-lazy\" src=\"https:\/\/squadprevention.com\/wp-content\/uploads\/2023\/06\/IMG-1186.png\" alt=\"IMG-1186\" width=\"259\" height=\"259\">\t\t<\/figure>\n\t<\/a>\n\t\t<\/div>\n<\/div>\n\t<div class=\"swiper-slide\">\n\t<div class=\"wpcp-single-item\">\n\t\t\t<a class=\"wcp-light-box\" data-buttons='[\"close\"]' data-wpc_url='https:\/\/squadprevention.com\/wp-content\/uploads\/2023\/06\/IMG-1194.png' href=\"https:\/\/squadprevention.com\/wp-content\/uploads\/2023\/06\/IMG-1194.png\" data-fancybox=\"wpcp_view\">\n\t\t<figure>\n\t\t\t<img loading=\"lazy\" decoding=\"async\" class=\"skip-lazy\" src=\"https:\/\/squadprevention.com\/wp-content\/uploads\/2023\/06\/IMG-1194.png\" alt=\"IMG-1194\" width=\"259\" height=\"259\">\t\t<\/figure>\n\t<\/a>\n\t\t<\/div>\n<\/div>\n\t<div class=\"swiper-slide\">\n\t<div class=\"wpcp-single-item\">\n\t\t\t<a class=\"wcp-light-box\" data-buttons='[\"close\"]' data-wpc_url='https:\/\/squadprevention.com\/wp-content\/uploads\/2023\/06\/IMG-1163.jpg' href=\"https:\/\/squadprevention.com\/wp-content\/uploads\/2023\/06\/IMG-1163.jpg\" data-fancybox=\"wpcp_view\">\n\t\t<figure>\n\t\t\t<img loading=\"lazy\" decoding=\"async\" class=\"skip-lazy\" src=\"https:\/\/squadprevention.com\/wp-content\/uploads\/2023\/06\/IMG-1163.jpg\" alt=\"IMG-1163\" width=\"517\" height=\"518\">\t\t<\/figure>\n\t<\/a>\n\t\t<\/div>\n<\/div>\n\t<div class=\"swiper-slide\">\n\t<div class=\"wpcp-single-item\">\n\t\t\t<a class=\"wcp-light-box\" data-buttons='[\"close\"]' data-wpc_url='https:\/\/squadprevention.com\/wp-content\/uploads\/2023\/06\/IMG-1175.jpg' href=\"https:\/\/squadprevention.com\/wp-content\/uploads\/2023\/06\/IMG-1175.jpg\" data-fancybox=\"wpcp_view\">\n\t\t<figure>\n\t\t\t<img loading=\"lazy\" decoding=\"async\" class=\"skip-lazy\" src=\"https:\/\/squadprevention.com\/wp-content\/uploads\/2023\/06\/IMG-1175.jpg\" alt=\"IMG-1175\" width=\"518\" height=\"518\">\t\t<\/figure>\n\t<\/a>\n\t\t<\/div>\n<\/div>\n\t<div class=\"swiper-slide\">\n\t<div class=\"wpcp-single-item\">\n\t\t\t<a class=\"wcp-light-box\" data-buttons='[\"close\"]' data-wpc_url='https:\/\/squadprevention.com\/wp-content\/uploads\/2023\/06\/IMG-1181.jpg' href=\"https:\/\/squadprevention.com\/wp-content\/uploads\/2023\/06\/IMG-1181.jpg\" data-fancybox=\"wpcp_view\">\n\t\t<figure>\n\t\t\t<img loading=\"lazy\" decoding=\"async\" class=\"skip-lazy\" src=\"https:\/\/squadprevention.com\/wp-content\/uploads\/2023\/06\/IMG-1181.jpg\" alt=\"IMG-1181\" width=\"518\" height=\"518\">\t\t<\/figure>\n\t<\/a>\n\t\t<\/div>\n<\/div>\n\t<div class=\"swiper-slide\">\n\t<div class=\"wpcp-single-item\">\n\t\t\t<a class=\"wcp-light-box\" data-buttons='[\"close\"]' data-wpc_url='https:\/\/squadprevention.com\/wp-content\/uploads\/2023\/06\/IMG-1213.jpg' href=\"https:\/\/squadprevention.com\/wp-content\/uploads\/2023\/06\/IMG-1213.jpg\" data-fancybox=\"wpcp_view\">\n\t\t<figure>\n\t\t\t<img loading=\"lazy\" decoding=\"async\" class=\"skip-lazy\" src=\"https:\/\/squadprevention.com\/wp-content\/uploads\/2023\/06\/IMG-1213.jpg\" alt=\"IMG-1213\" width=\"300\" height=\"300\">\t\t<\/figure>\n\t<\/a>\n\t\t<\/div>\n<\/div>\n\t\t\t<\/div>\n\t\t\t\t<!-- If we need navigation buttons -->\n\t\t\t<\/div>\n\t<\/div>\n<\/div>\n\n\t<p>Nos esforzamos por mantenernos a la vanguardia de la tecnolog\u00eda en seguridad y utilizamos los equipos m\u00e1s avanzados para garantizar la seguridad de nuestros clientes. Adem\u00e1s, nuestra atenci\u00f3n al cliente es excepcional, y nos aseguramos de brindar un servicio de alta calidad y un soporte t\u00e9cnico completo durante todo el proceso.<\/p>\n\n","protected":false},"excerpt":{"rendered":"<p>Acerca de +5 a\u00f1os de experiencia SOBRE NOSOTROS Squad prevenci\u00f3n, cero tolerancias al crimen Nuestro equipo de expertos altamente capacitados cuenta con a\u00f1os de experiencia en el campo de la seguridad y est\u00e1 comprometido en ofrecer soluciones personalizadas para cada uno de nuestros clientes. Ya sea que necesite proteger su hogar o empresa, nuestros servicios [&hellip;]<\/p>\n","protected":false},"author":1,"featured_media":0,"parent":0,"menu_order":0,"comment_status":"closed","ping_status":"closed","template":"","meta":{"_acf_changed":false,"site-sidebar-layout":"no-sidebar","site-content-layout":"page-builder","ast-site-content-layout":"default","site-content-style":"default","site-sidebar-style":"default","ast-global-header-display":"","ast-banner-title-visibility":"","ast-main-header-display":"","ast-hfb-above-header-display":"","ast-hfb-below-header-display":"","ast-hfb-mobile-header-display":"","site-post-title":"disabled","ast-breadcrumbs-content":"","ast-featured-img":"disabled","footer-sml-layout":"","ast-disable-related-posts":"","theme-transparent-header-meta":"default","adv-header-id-meta":"","stick-header-meta":"","header-above-stick-meta":"","header-main-stick-meta":"","header-below-stick-meta":"","astra-migrate-meta-layouts":"default","ast-page-background-enabled":"default","ast-page-background-meta":{"desktop":{"background-color":"var(--ast-global-color-4)","background-image":"","background-repeat":"repeat","background-position":"center center","background-size":"auto","background-attachment":"scroll","background-type":"","background-media":"","overlay-type":"","overlay-color":"","overlay-opacity":"","overlay-gradient":""},"tablet":{"background-color":"","background-image":"","background-repeat":"repeat","background-position":"center center","background-size":"auto","background-attachment":"scroll","background-type":"","background-media":"","overlay-type":"","overlay-color":"","overlay-opacity":"","overlay-gradient":""},"mobile":{"background-color":"","background-image":"","background-repeat":"repeat","background-position":"center center","background-size":"auto","background-attachment":"scroll","background-type":"","background-media":"","overlay-type":"","overlay-color":"","overlay-opacity":"","overlay-gradient":""}},"ast-content-background-meta":{"desktop":{"background-color":"var(--ast-global-color-5)","background-image":"","background-repeat":"repeat","background-position":"center center","background-size":"auto","background-attachment":"scroll","background-type":"","background-media":"","overlay-type":"","overlay-color":"","overlay-opacity":"","overlay-gradient":""},"tablet":{"background-color":"var(--ast-global-color-5)","background-image":"","background-repeat":"repeat","background-position":"center center","background-size":"auto","background-attachment":"scroll","background-type":"","background-media":"","overlay-type":"","overlay-color":"","overlay-opacity":"","overlay-gradient":""},"mobile":{"background-color":"var(--ast-global-color-5)","background-image":"","background-repeat":"repeat","background-position":"center center","background-size":"auto","background-attachment":"scroll","background-type":"","background-media":"","overlay-type":"","overlay-color":"","overlay-opacity":"","overlay-gradient":""}},"footnotes":""},"class_list":["post-123","page","type-page","status-publish","hentry"],"acf":[],"jetpack_sharing_enabled":true,"_links":{"self":[{"href":"https:\/\/squadprevention.com\/en\/wp-json\/wp\/v2\/pages\/123","targetHints":{"allow":["GET"]}}],"collection":[{"href":"https:\/\/squadprevention.com\/en\/wp-json\/wp\/v2\/pages"}],"about":[{"href":"https:\/\/squadprevention.com\/en\/wp-json\/wp\/v2\/types\/page"}],"author":[{"embeddable":true,"href":"https:\/\/squadprevention.com\/en\/wp-json\/wp\/v2\/users\/1"}],"replies":[{"embeddable":true,"href":"https:\/\/squadprevention.com\/en\/wp-json\/wp\/v2\/comments?post=123"}],"version-history":[{"count":10,"href":"https:\/\/squadprevention.com\/en\/wp-json\/wp\/v2\/pages\/123\/revisions"}],"predecessor-version":[{"id":204,"href":"https:\/\/squadprevention.com\/en\/wp-json\/wp\/v2\/pages\/123\/revisions\/204"}],"wp:attachment":[{"href":"https:\/\/squadprevention.com\/en\/wp-json\/wp\/v2\/media?parent=123"}],"curies":[{"name":"wp","href":"https:\/\/api.w.org\/{rel}","templated":true}]}}